{"id":25,"date":"2017-05-17T20:05:52","date_gmt":"2017-05-17T20:05:52","guid":{"rendered":"http:\/\/whn.bff.myftpupload.com\/?page_id=25"},"modified":"2017-05-17T20:05:52","modified_gmt":"2017-05-17T20:05:52","slug":"contacts","status":"publish","type":"page","link":"https:\/\/a-haviation.com\/index.php\/contacts\/","title":{"rendered":"Contact Us"},"content":{"rendered":"<p>[vc_section full_width=\u00bbstretch_row\u00bb][vc_row content_placement=\u00bbtop\u00bb][vc_column text_align=\u00bbcenter-sm-ms\u00bb offset=\u00bbvc_col-lg-4 vc_col-md-6&#8243;][like_sc_content_width align=\u00bbleft\u00bb max_width=\u00bb370&#8243; id=\u00bb\u00bb class=\u00bb\u00bb css=\u00bb\u00bb][like_sc_header type=\u00bbh3&#8243; header=\u00bbCentral Office\u00bb subheader=\u00bb\u00bb color=\u00bbblack\u00bb subcolor=\u00bbdefault\u00bb size=\u00bbdefault\u00bb style=\u00bbheader-subheader\u00bb transform=\u00bbdefault\u00bb align=\u00bbleft\u00bb text=\u00bb\u00bb icon_fontawesome=\u00bb\u00bb image=\u00bb\u00bb icon_type=\u00bbhidden\u00bb use_theme_fonts=\u00bbyes\u00bb google_fonts=\u00bb\u00bb id=\u00bb\u00bb class=\u00bb\u00bb css=\u00bb.vc_custom_1551389237763{margin-top: 0px !important;margin-bottom: 16px !important;}\u00bb subtype=\u00bbh5&#8243; text_bg=\u00bb\u00bb size_px=\u00bb\u00bb size_px_mobile=\u00bb\u00bb sr=\u00bbdefault\u00bb icon_bg=\u00bbtransparent\u00bb href=\u00bb\u00bb icon=\u00bb\u00bb][vc_column_text]Our operational base is located in Tob\u00edas Bola\u00f1os International Airport in San Jos\u00e9, Hangar #36[\/vc_column_text][like_sc_social_icons type=\u00bbicons-list\u00bb icons=\u00bb%5B%7B%22header%22%3A%22(506)%202290-%206779%22%2C%22size%22%3A%22default%22%2C%22icon_fontawesome%22%3A%22fas%20fa-phone-alt%22%7D%2C%7B%22header%22%3A%22(506)%208394-5904%22%2C%22size%22%3A%22default%22%2C%22icon_fontawesome%22%3A%22fas%20fa-phone-alt%22%7D%2C%7B%22header%22%3A%22sales%40a-haviation.com%22%2C%22size%22%3A%22default%22%2C%22href%22%3A%22%23%22%2C%22icon_fontawesome%22%3A%22fas%20fa-envelope%22%7D%2C%7B%22header%22%3A%22Hangar%20%2336%2C%20Tob%C3%ADas%20Bola%C3%B1os%20International%20Airport%2C%20Pavas%2C%20San%20Jos%C3%A9%2C%20Costa%20Rica.%22%2C%22size%22%3A%22default%22%2C%22icon_fontawesome%22%3A%22fas%20fa-compass%22%7D%5D\u00bb id=\u00bb\u00bb class=\u00bb\u00bb align=\u00bbdefault\u00bb css=\u00bb.vc_custom_1650486509721{margin-top: 50px !important;}\u00bb style=\u00bbdefault\u00bb weight=\u00bbbold\u00bb size=\u00bbdefault\u00bb bg=\u00bbbg-main\u00bb][like_sc_social_icons type=\u00bbicons-inline-large\u00bb icons=\u00bb%5B%7B%22header%22%3A%22Facebook%22%2C%22size%22%3A%22default%22%2C%22href%22%3A%22https%3A%2F%2Fwww.facebook.com%2FVolarCR%22%2C%22icon_fontawesome%22%3A%22fab%20fa-facebook%22%7D%2C%7B%22header%22%3A%22Youtube%22%2C%22size%22%3A%22default%22%2C%22href%22%3A%22https%3A%2F%2Fwww.youtube.com%2Fchannel%2FUC1oEyZIO295lQ0o1sc9fbsw%22%2C%22icon_fontawesome%22%3A%22fab%20fa-youtube%22%7D%2C%7B%22header%22%3A%22Instagram%22%2C%22size%22%3A%22default%22%2C%22href%22%3A%22https%3A%2F%2Fwww.instagram.com%2Fvolarcr%2F%3Fhl%3Des%22%2C%22icon_fontawesome%22%3A%22fab%20fa-instagram%22%7D%5D\u00bb id=\u00bb\u00bb class=\u00bb\u00bb align=\u00bbdefault\u00bb css=\u00bb\u00bb style=\u00bbdefault\u00bb weight=\u00bbbold\u00bb size=\u00bbdefault\u00bb bg=\u00bbbg-main\u00bb][\/like_sc_content_width][\/vc_column][vc_column text_align=\u00bbcenter-sm-ms\u00bb offset=\u00bbvc_col-lg-3 vc_col-md-6&#8243;][like_sc_empty_space height_xl=\u00bb0&#8243; height_lg=\u00bb0&#8243; height_md=\u00bb0&#8243; height_sm=\u00bb48&#8243; height_ms=\u00bb\u00bb height_xs=\u00bb\u00bb id=\u00bb\u00bb class=\u00bb\u00bb css=\u00bb\u00bb][like_sc_header type=\u00bbh3&#8243; subtype=\u00bbh5&#8243; header=\u00bbOpening Hours\u00bb subheader=\u00bb\u00bb color=\u00bbblack\u00bb subcolor=\u00bbmain\u00bb size=\u00bbdefault\u00bb style=\u00bbheader-subheader\u00bb transform=\u00bbdefault\u00bb align=\u00bbleft\u00bb text=\u00bb\u00bb text_bg=\u00bb\u00bb icon_fontawesome=\u00bb\u00bb image=\u00bb\u00bb icon_type=\u00bbhidden\u00bb size_px=\u00bb\u00bb size_px_mobile=\u00bb\u00bb use_theme_fonts=\u00bbyes\u00bb google_fonts=\u00bbfont_family:Abril%20Fatface%3Aregular|font_style:400%20regular%3A400%3Anormal\u00bb id=\u00bb\u00bb class=\u00bb\u00bb css=\u00bb.vc_custom_1551389242289{margin-top: 0px !important;margin-bottom: 24px !important;}\u00bb icon_bg=\u00bbtransparent\u00bb sr=\u00bbdefault\u00bb href=\u00bb\u00bb icon=\u00bb\u00bb][vc_column_text]<strong>We offer assistance 24\/7\/365.\u00a0 Please feel free to contact us any time<\/strong>[\/vc_column_text][like_sc_empty_space height_lg=\u00bb28&#8243; height_sm=\u00bb\u00bb height_xs=\u00bb\u00bb id=\u00bb\u00bb class=\u00bb\u00bb css=\u00bb\u00bb][\/vc_column][vc_column width=\u00bb1\/12&#8243; offset=\u00bbvc_col-lg-1 vc_col-md-12 vc_hidden-md vc_hidden-sm vc_hidden-xs\u00bb][\/vc_column][vc_column width=\u00bb1\/3&#8243; css=\u00bb.vc_custom_1549398563071{margin-top: 0px !important;padding-top: 0px !important;background-position: center !important;background-repeat: no-repeat !important;background-size: cover !important;}\u00bb offset=\u00bbvc_col-lg-4 vc_col-md-6 vc_hidden-md vc_hidden-sm vc_hidden-xs\u00bb][vc_single_image image=\u00bb8695&#8243; img_size=\u00bbfull\u00bb alignment=\u00bbcenter\u00bb style=\u00bbvc_box_rounded\u00bb css=\u00bb.vc_custom_1634146522371{margin-bottom: 0px !important;padding-bottom: 0px !important;}\u00bb][\/vc_column][\/vc_row][vc_row full_width=\u00bbstretch_row\u00bb bg_color_select=\u00bbgray\u00bb][vc_column][like_sc_content_width align=\u00bbcenter\u00bb max_width=\u00bb1050&#8243; id=\u00bb\u00bb class=\u00bb\u00bb css=\u00bb\u00bb][like_sc_empty_space height_xl=\u00bb48&#8243; height_lg=\u00bb\u00bb height_md=\u00bb\u00bb height_sm=\u00bb\u00bb height_ms=\u00bb\u00bb height_xs=\u00bb\u00bb id=\u00bb\u00bb class=\u00bb\u00bb css=\u00bb\u00bb][like_sc_header type=\u00bbh3&#8243; subheader=\u00bb\u00bb header=\u00bbSend message\u00bb style=\u00bbheader-subheader\u00bb color=\u00bbblack\u00bb subcolor=\u00bbmain\u00bb align=\u00bbcenter\u00bb size=\u00bbdefault\u00bb transform=\u00bbdefault\u00bb sr=\u00bbdefault\u00bb href=\u00bb\u00bb icon=\u00bb\u00bb image=\u00bb\u00bb icon_bg=\u00bbtransparent\u00bb size_px=\u00bb\u00bb use_theme_fonts=\u00bbyes\u00bb google_fonts=\u00bb\u00bb id=\u00bb\u00bb class=\u00bb\u00bb css=\u00bb.vc_custom_1549397383733{margin-bottom: 32px !important;}\u00bb][like_sc_contact_form_7 form_id=\u00bb1555&#8243; title=\u00bb\u00bb form_style=\u00bbdefault\u00bb form_padding=\u00bbnone\u00bb form_bg=\u00bbgray\u00bb transform=\u00bbdefault\u00bb id=\u00bb\u00bb class=\u00bb\u00bb css=\u00bb.vc_custom_1549397374732{margin-bottom: 0px !important;}\u00bb wide=\u00bbdefault\u00bb shadow=\u00bbdefault\u00bb form_inline=\u00bbdefault\u00bb form_align=\u00bbcenter\u00bb][like_sc_empty_space height_xl=\u00bb64&#8243; height_lg=\u00bb\u00bb height_md=\u00bb\u00bb height_sm=\u00bb\u00bb height_ms=\u00bb\u00bb height_xs=\u00bb\u00bb id=\u00bb\u00bb class=\u00bb\u00bb css=\u00bb\u00bb][\/like_sc_content_width][\/vc_column][\/vc_row][\/vc_section][vc_row full_width=\u00bbstretch_row_content_no_spaces\u00bb][vc_column][like_sc_google_maps style=\u00bbyellow\u00bb lat=\u00bb9\u00b057&#8217;30.90\u00abN\u00bb lng=\u00bb84\u00b0 8&#8217;33.14\u00abO\u00bb zoom=\u00bb11&#8243; width=\u00bb100%\u00bb height=\u00bb450px\u00bb id=\u00bb\u00bb class=\u00bb\u00bb css=\u00bb.vc_custom_1634922993948{margin-bottom: -10px !important;}\u00bb][\/vc_column][\/vc_row]<\/p>\n","protected":false},"excerpt":{"rendered":"<p>[vc_section full_width=\u00bbstretch_row\u00bb][vc_row content_placement=\u00bbtop\u00bb][vc_column text_align=\u00bbcenter-sm-ms\u00bb offset=\u00bbvc_col-lg-4 vc_col-md-6&#8243;][like_sc_content_width align=\u00bbleft\u00bb max_width=\u00bb370&#8243; id=\u00bb\u00bb class=\u00bb\u00bb css=\u00bb\u00bb][like_sc_header type=\u00bbh3&#8243; header=\u00bbCentral Office\u00bb subheader=\u00bb\u00bb color=\u00bbblack\u00bb subcolor=\u00bbdefault\u00bb size=\u00bbdefault\u00bb style=\u00bbheader-subheader\u00bb transform=\u00bbdefault\u00bb align=\u00bbleft\u00bb text=\u00bb\u00bb icon_fontawesome=\u00bb\u00bb image=\u00bb\u00bb icon_type=\u00bbhidden\u00bb use_theme_fonts=\u00bbyes\u00bb google_fonts=\u00bb\u00bb id=\u00bb\u00bb class=\u00bb\u00bb css=\u00bb.vc_custom_1551389237763{margin-top: 0px !important;margin-bottom: 16px !important;}\u00bb subtype=\u00bbh5&#8243; text_bg=\u00bb\u00bb size_px=\u00bb\u00bb size_px_mobile=\u00bb\u00bb sr=\u00bbdefault\u00bb icon_bg=\u00bbtransparent\u00bb href=\u00bb\u00bb icon=\u00bb\u00bb][vc_column_text]Our operational base is located in Tob\u00edas Bola\u00f1os International Airport in San Jos\u00e9, Hangar [&hellip;]<\/p>\n","protected":false},"author":1,"featured_media":0,"parent":0,"menu_order":0,"comment_status":"closed","ping_status":"closed","template":"page-templates\/full-width.php","meta":{"footnotes":""},"class_list":["post-25","page","type-page","status-publish","hentry"],"_links":{"self":[{"href":"https:\/\/a-haviation.com\/index.php\/wp-json\/wp\/v2\/pages\/25","targetHints":{"allow":["GET"]}}],"collection":[{"href":"https:\/\/a-haviation.com\/index.php\/wp-json\/wp\/v2\/pages"}],"about":[{"href":"https:\/\/a-haviation.com\/index.php\/wp-json\/wp\/v2\/types\/page"}],"author":[{"embeddable":true,"href":"https:\/\/a-haviation.com\/index.php\/wp-json\/wp\/v2\/users\/1"}],"replies":[{"embeddable":true,"href":"https:\/\/a-haviation.com\/index.php\/wp-json\/wp\/v2\/comments?post=25"}],"version-history":[{"count":0,"href":"https:\/\/a-haviation.com\/index.php\/wp-json\/wp\/v2\/pages\/25\/revisions"}],"wp:attachment":[{"href":"https:\/\/a-haviation.com\/index.php\/wp-json\/wp\/v2\/media?parent=25"}],"curies":[{"name":"wp","href":"https:\/\/api.w.org\/{rel}","templated":true}]}}